{"id":78,"date":"2024-08-14T23:13:28","date_gmt":"2024-08-14T23:13:28","guid":{"rendered":"https:\/\/conncrea.com\/?page_id=78"},"modified":"2024-08-16T16:21:38","modified_gmt":"2024-08-16T16:21:38","slug":"acerca-de","status":"publish","type":"page","link":"https:\/\/www.conncrea.com\/en\/acerca-de\/","title":{"rendered":"About us"},"content":{"rendered":"<div data-elementor-type=\"wp-page\" data-elementor-id=\"78\" class=\"elementor elementor-78\" data-elementor-post-type=\"page\">\n\t\t\t\t<div class=\"elementor-element elementor-element-e49ef0a e-con-full e-flex e-con e-parent\" data-id=\"e49ef0a\" data-element_type=\"container\">\n\t\t\t\t<div class=\"elementor-element elementor-element-e783da5 elementor-widget elementor-widget-slider_revolution\" data-id=\"e783da5\" data-element_type=\"widget\" data-widget_type=\"slider_revolution.default\">\n\t\t\t\t<div class=\"elementor-widget-container\">\n\t\t\t\t\t\n\t\t<div class=\"wp-block-themepunch-revslider\">\n\t\t\t\t<p class=\"rs-p-wp-fix\"><\/p>\n\t\t\t\t<sr7-module data-alias=\"home-1\" data-id=\"2\" id=\"SR7_2_1\" class=\"rs-ov-hidden\" data-version=\"6.7.34\">\n\t\t\t\t\t<sr7-adjuster><\/sr7-adjuster>\n\t\t\t\t\t<sr7-content>\n\t\t\t\t\t\t<sr7-slide id=\"SR7_2_1-3\" data-key=\"3\">\n\t\t\t\t\t\t\t<sr7-txt id=\"SR7_2_1-3-2\" class=\"sr7-layer\">Connect To Create<\/sr7-txt>\n\t\t\t\t\t\t\t<sr7-txt id=\"SR7_2_1-3-3\" class=\"sr7-layer\">Boost the evolution of your company<\/sr7-txt>\n\t\t\t\t\t\t\t<sr7-txt id=\"SR7_2_1-3-5\" class=\"sr7-layer\"><h1 class=\"texto-degradado\">INNOVATION<\/h1><\/sr7-txt>\n\t\t\t\t\t\t<\/sr7-slide>\n\t\t\t\t\t\t<sr7-slide id=\"SR7_2_1-4\" data-key=\"4\">\n\t\t\t\t\t\t<\/sr7-slide>\n\t\t\t\t\t<\/sr7-content>\n\t\t\t\t\t<image_lists style=\"display:none\">\n\t\t\t\t\t\t<img data-src=\"\/\/conncrea.com\/wp-content\/uploads\/2024\/08\/Conncrea_Pantalla3_02.webp\" data-libid=\"80\" data-lib=\"medialibrary\" title=\"Conncrea_Pantalla3_02\" width=\"0\" height=\"0\" data-dbsrc=\"Ly9jb25uY3JlYS5jb20vd3AtY29udGVudC91cGxvYWRzLzIwMjQvMDgvQ29ubmNyZWFfUGFudGFsbGEzXzAyLndlYnA=\"\/>\n\t\t\t\t\t<\/image_lists>\n\t\t\t\t<\/sr7-module>\n\t\t\t\t<script>\n\t\t\t\t\tSR7.PMH ??={}; SR7.PMH[\"SR7_2_1\"] = {cn:100,state:false,fn: function() { if (_tpt!==undefined && _tpt.prepareModuleHeight !== undefined) {  _tpt.prepareModuleHeight({id:\"SR7_2_1\",el:[300,300,300,300,450],type:'standard',shdw:'0',gh:[300,300,300,300,450],gw:[1240,1240,1240,1240,480],vpt:['100px&#039;,&#039;100px&#039;,&#039;100px&#039;,&#039;100px&#039;,&#039;100px'],size:{fullWidth:true, fullHeight:false},mh:'0',onh:0,onw:0,bg:{color:'{\"orig\":\"transparent\",\"type\":\"solid\",\"string\":\"transparent\"}'}});   SR7.PMH[\"SR7_2_1\"].state=true;} else if(SR7.PMH[\"SR7_2_1\"].cn-->0)\tsetTimeout( SR7.PMH[\"SR7_2_1\"].fn,19);}};SR7.PMH[\"SR7_2_1\" ].fn();\n\t\t\t\t<\/script>\n<\/div>\n\n\t\t\t\t\t\t<\/div>\n\t\t\t\t<\/div>\n\t\t\t\t<\/div>\n\t\t<div class=\"elementor-element elementor-element-50b9382 e-flex e-con-boxed e-con e-parent\" data-id=\"50b9382\" data-element_type=\"container\" data-settings=\"{&quot;background_background&quot;:&quot;classic&quot;}\">\n\t\t\t\t\t<div class=\"e-con-inner\">\n\t\t<div class=\"elementor-element elementor-element-de0ce45 e-con-full e-flex e-con e-child\" data-id=\"de0ce45\" data-element_type=\"container\">\n\t\t\t\t<div class=\"elementor-element elementor-element-1832512 elementor-widget elementor-widget-image\" data-id=\"1832512\" data-element_type=\"widget\" data-widget_type=\"image.default\">\n\t\t\t\t<div class=\"elementor-widget-container\">\n\t\t\t\t\t\t\t\t\t\t\t\t\t\t\t<img fetchpriority=\"high\" decoding=\"async\" width=\"800\" height=\"450\" src=\"https:\/\/www.conncrea.com\/wp-content\/uploads\/2024\/08\/shutterstock_2200712929_resultado-1024x576.webp\" class=\"attachment-large size-large wp-image-81\" alt=\"\" srcset=\"https:\/\/www.conncrea.com\/wp-content\/uploads\/2024\/08\/shutterstock_2200712929_resultado-1024x576.webp 1024w, https:\/\/www.conncrea.com\/wp-content\/uploads\/2024\/08\/shutterstock_2200712929_resultado-300x169.webp 300w, https:\/\/www.conncrea.com\/wp-content\/uploads\/2024\/08\/shutterstock_2200712929_resultado-768x432.webp 768w, https:\/\/www.conncrea.com\/wp-content\/uploads\/2024\/08\/shutterstock_2200712929_resultado.webp 1337w\" sizes=\"(max-width: 800px) 100vw, 800px\" \/>\t\t\t\t\t\t\t\t\t\t\t\t\t\t\t<\/div>\n\t\t\t\t<\/div>\n\t\t\t\t<\/div>\n\t\t<div class=\"elementor-element elementor-element-09b7659 e-con-full e-flex e-con e-child\" data-id=\"09b7659\" data-element_type=\"container\">\n\t\t\t\t<div class=\"elementor-element elementor-element-c87075b elementor-widget elementor-widget-heading\" data-id=\"c87075b\" data-element_type=\"widget\" data-widget_type=\"heading.default\">\n\t\t\t\t<div class=\"elementor-widget-container\">\n\t\t\t\t\t<h2 class=\"elementor-heading-title elementor-size-default\">ABOUT US<\/h2>\t\t\t\t<\/div>\n\t\t\t\t<\/div>\n\t\t\t\t<div class=\"elementor-element elementor-element-56fe7b2 elementor-widget elementor-widget-text-editor\" data-id=\"56fe7b2\" data-element_type=\"widget\" data-widget_type=\"text-editor.default\">\n\t\t\t\t<div class=\"elementor-widget-container\">\n\t\t\t\t\t\t\t\t\t<p>Our focus is on <strong>connecting people and businesses from around the world<\/strong> to drive business growth and success. Through our expertise in <strong>opening business units, building strong teams, and expanding business horizons,<\/strong> we create synergies that transform companies and lives.<\/p>\t\t\t\t\t\t\t\t<\/div>\n\t\t\t\t<\/div>\n\t\t\t\t<\/div>\n\t\t\t\t\t<\/div>\n\t\t\t\t<\/div>\n\t\t<div class=\"elementor-element elementor-element-0362235 e-flex e-con-boxed e-con e-parent\" data-id=\"0362235\" data-element_type=\"container\" data-settings=\"{&quot;background_background&quot;:&quot;classic&quot;}\">\n\t\t\t\t\t<div class=\"e-con-inner\">\n\t\t<div class=\"elementor-element elementor-element-399c848 e-con-full e-flex e-con e-child\" data-id=\"399c848\" data-element_type=\"container\">\n\t\t\t\t<div class=\"elementor-element elementor-element-a902c7a elementor-widget elementor-widget-heading\" data-id=\"a902c7a\" data-element_type=\"widget\" data-widget_type=\"heading.default\">\n\t\t\t\t<div class=\"elementor-widget-container\">\n\t\t\t\t\t<h2 class=\"elementor-heading-title elementor-size-default\">INDUSTRIES OF EXPERIENCE<\/h2>\t\t\t\t<\/div>\n\t\t\t\t<\/div>\n\t\t\t\t<div class=\"elementor-element elementor-element-340365e elementor-widget elementor-widget-text-editor\" data-id=\"340365e\" data-element_type=\"widget\" data-widget_type=\"text-editor.default\">\n\t\t\t\t<div class=\"elementor-widget-container\">\n\t\t\t\t\t\t\t\t\t<p>We are top-level specialists, managing strategic horizons across a wide range of sectors, positioning ourselves as the leading option.<\/p>\t\t\t\t\t\t\t\t<\/div>\n\t\t\t\t<\/div>\n\t\t\t\t<\/div>\n\t\t<div class=\"elementor-element elementor-element-01a54ff e-con-full e-flex e-con e-child\" data-id=\"01a54ff\" data-element_type=\"container\">\n\t\t\t\t<div class=\"elementor-element elementor-element-7a6eda0 elementor-widget elementor-widget-image\" data-id=\"7a6eda0\" data-element_type=\"widget\" data-widget_type=\"image.default\">\n\t\t\t\t<div class=\"elementor-widget-container\">\n\t\t\t\t\t\t\t\t\t\t\t\t\t\t\t<img decoding=\"async\" width=\"800\" height=\"534\" src=\"https:\/\/www.conncrea.com\/wp-content\/uploads\/2024\/08\/shutterstock_2375534191_resultado-1024x683.webp\" class=\"attachment-large size-large wp-image-82\" alt=\"\" srcset=\"https:\/\/www.conncrea.com\/wp-content\/uploads\/2024\/08\/shutterstock_2375534191_resultado-1024x683.webp 1024w, https:\/\/www.conncrea.com\/wp-content\/uploads\/2024\/08\/shutterstock_2375534191_resultado-300x200.webp 300w, https:\/\/www.conncrea.com\/wp-content\/uploads\/2024\/08\/shutterstock_2375534191_resultado-768x512.webp 768w, https:\/\/www.conncrea.com\/wp-content\/uploads\/2024\/08\/shutterstock_2375534191_resultado-1536x1025.webp 1536w, https:\/\/www.conncrea.com\/wp-content\/uploads\/2024\/08\/shutterstock_2375534191_resultado.webp 1590w\" sizes=\"(max-width: 800px) 100vw, 800px\" \/>\t\t\t\t\t\t\t\t\t\t\t\t\t\t\t<\/div>\n\t\t\t\t<\/div>\n\t\t\t\t<\/div>\n\t\t\t\t\t<\/div>\n\t\t\t\t<\/div>\n\t\t<div class=\"elementor-element elementor-element-570f9cd e-flex e-con-boxed e-con e-parent\" data-id=\"570f9cd\" data-element_type=\"container\" data-settings=\"{&quot;background_background&quot;:&quot;classic&quot;}\">\n\t\t\t\t\t<div class=\"e-con-inner\">\n\t\t\t\t<div class=\"elementor-element elementor-element-30714ba elementor-widget elementor-widget-heading\" data-id=\"30714ba\" data-element_type=\"widget\" data-widget_type=\"heading.default\">\n\t\t\t\t<div class=\"elementor-widget-container\">\n\t\t\t\t\t<h2 class=\"elementor-heading-title elementor-size-default\">AREAS OF SPECIALIZATION<\/h2>\t\t\t\t<\/div>\n\t\t\t\t<\/div>\n\t\t\t\t\t<\/div>\n\t\t\t\t<\/div>\n\t\t<div class=\"elementor-element elementor-element-ed66e4b e-con-full e-flex e-con e-parent\" data-id=\"ed66e4b\" data-element_type=\"container\">\n\t\t<div class=\"elementor-element elementor-element-dd927d3 e-con-full e-flex e-con e-child\" data-id=\"dd927d3\" data-element_type=\"container\">\n\t\t\t\t<div class=\"elementor-element elementor-element-586e6ff elementor-cta--skin-cover elementor-cta--valign-top elementor-animated-content elementor-bg-transform elementor-bg-transform-zoom-in elementor-widget elementor-widget-call-to-action\" data-id=\"586e6ff\" data-element_type=\"widget\" data-widget_type=\"call-to-action.default\">\n\t\t\t\t<div class=\"elementor-widget-container\">\n\t\t\t\t\t\t\t<div class=\"elementor-cta\">\n\t\t\t\t\t<div class=\"elementor-cta__bg-wrapper\">\n\t\t\t\t<div class=\"elementor-cta__bg elementor-bg\" style=\"background-image: url(https:\/\/www.conncrea.com\/wp-content\/uploads\/2024\/08\/shutterstock_1982525951_resultado-1024x736.webp);\" role=\"img\" aria-label=\"shutterstock_1982525951_resultado\"><\/div>\n\t\t\t\t<div class=\"elementor-cta__bg-overlay\"><\/div>\n\t\t\t<\/div>\n\t\t\t\t\t\t\t<div class=\"elementor-cta__content\">\n\t\t\t\t\n\t\t\t\t\t\t\t\t\t<h2 class=\"elementor-cta__title elementor-cta__content-item elementor-content-item elementor-animated-item--grow\">\n\t\t\t\t\t\tFOOD <br>AND BEVERAGES\t\t\t\t\t<\/h2>\n\t\t\t\t\n\t\t\t\t\n\t\t\t\t\t\t\t<\/div>\n\t\t\t\t\t\t<\/div>\n\t\t\t\t\t\t<\/div>\n\t\t\t\t<\/div>\n\t\t\t\t<\/div>\n\t\t<div class=\"elementor-element elementor-element-f67229a e-con-full e-flex e-con e-child\" data-id=\"f67229a\" data-element_type=\"container\">\n\t\t\t\t<div class=\"elementor-element elementor-element-35adba2 elementor-cta--skin-cover elementor-cta--valign-top elementor-animated-content elementor-bg-transform elementor-bg-transform-zoom-in elementor-widget elementor-widget-call-to-action\" data-id=\"35adba2\" data-element_type=\"widget\" data-widget_type=\"call-to-action.default\">\n\t\t\t\t<div class=\"elementor-widget-container\">\n\t\t\t\t\t\t\t<div class=\"elementor-cta\">\n\t\t\t\t\t<div class=\"elementor-cta__bg-wrapper\">\n\t\t\t\t<div class=\"elementor-cta__bg elementor-bg\" style=\"background-image: url(https:\/\/www.conncrea.com\/wp-content\/uploads\/2024\/08\/shutterstock_2404687977_resultado-1024x683.webp);\" role=\"img\" aria-label=\"shutterstock_2404687977_resultado\"><\/div>\n\t\t\t\t<div class=\"elementor-cta__bg-overlay\"><\/div>\n\t\t\t<\/div>\n\t\t\t\t\t\t\t<div class=\"elementor-cta__content\">\n\t\t\t\t\n\t\t\t\t\t\t\t\t\t<h2 class=\"elementor-cta__title elementor-cta__content-item elementor-content-item elementor-animated-item--grow\">\n\t\t\t\t\t\tHOME AND PERSONAL CARE\t\t\t\t\t<\/h2>\n\t\t\t\t\n\t\t\t\t\n\t\t\t\t\t\t\t<\/div>\n\t\t\t\t\t\t<\/div>\n\t\t\t\t\t\t<\/div>\n\t\t\t\t<\/div>\n\t\t\t\t<\/div>\n\t\t<div class=\"elementor-element elementor-element-5cd074c e-con-full e-flex e-con e-child\" data-id=\"5cd074c\" data-element_type=\"container\">\n\t\t\t\t<div class=\"elementor-element elementor-element-23ca350 elementor-cta--skin-cover elementor-cta--valign-top elementor-animated-content elementor-bg-transform elementor-bg-transform-zoom-in elementor-widget elementor-widget-call-to-action\" data-id=\"23ca350\" data-element_type=\"widget\" data-widget_type=\"call-to-action.default\">\n\t\t\t\t<div class=\"elementor-widget-container\">\n\t\t\t\t\t\t\t<div class=\"elementor-cta\">\n\t\t\t\t\t<div class=\"elementor-cta__bg-wrapper\">\n\t\t\t\t<div class=\"elementor-cta__bg elementor-bg\" style=\"background-image: url(https:\/\/www.conncrea.com\/wp-content\/uploads\/2024\/08\/shutterstock_2442055041_resultado-1024x683.webp);\" role=\"img\" aria-label=\"shutterstock_2442055041_resultado\"><\/div>\n\t\t\t\t<div class=\"elementor-cta__bg-overlay\"><\/div>\n\t\t\t<\/div>\n\t\t\t\t\t\t\t<div class=\"elementor-cta__content\">\n\t\t\t\t\n\t\t\t\t\t\t\t\t\t<h2 class=\"elementor-cta__title elementor-cta__content-item elementor-content-item elementor-animated-item--grow\">\n\t\t\t\t\t\tEDUCATION\t\t\t\t\t<\/h2>\n\t\t\t\t\n\t\t\t\t\n\t\t\t\t\t\t\t<\/div>\n\t\t\t\t\t\t<\/div>\n\t\t\t\t\t\t<\/div>\n\t\t\t\t<\/div>\n\t\t\t\t<\/div>\n\t\t<div class=\"elementor-element elementor-element-a5e4119 e-con-full e-flex e-con e-child\" data-id=\"a5e4119\" data-element_type=\"container\">\n\t\t\t\t<div class=\"elementor-element elementor-element-83f9df8 elementor-cta--skin-cover elementor-cta--valign-top elementor-animated-content elementor-bg-transform elementor-bg-transform-zoom-in elementor-widget elementor-widget-call-to-action\" data-id=\"83f9df8\" data-element_type=\"widget\" data-widget_type=\"call-to-action.default\">\n\t\t\t\t<div class=\"elementor-widget-container\">\n\t\t\t\t\t\t\t<div class=\"elementor-cta\">\n\t\t\t\t\t<div class=\"elementor-cta__bg-wrapper\">\n\t\t\t\t<div class=\"elementor-cta__bg elementor-bg\" style=\"background-image: url(https:\/\/www.conncrea.com\/wp-content\/uploads\/2024\/08\/shutterstock_1922200229_resultado-1024x574.webp);\" role=\"img\" aria-label=\"shutterstock_1922200229_resultado\"><\/div>\n\t\t\t\t<div class=\"elementor-cta__bg-overlay\"><\/div>\n\t\t\t<\/div>\n\t\t\t\t\t\t\t<div class=\"elementor-cta__content\">\n\t\t\t\t\n\t\t\t\t\t\t\t\t\t<h2 class=\"elementor-cta__title elementor-cta__content-item elementor-content-item elementor-animated-item--grow\">\n\t\t\t\t\t\tTECHNOLOGY\t\t\t\t\t<\/h2>\n\t\t\t\t\n\t\t\t\t\n\t\t\t\t\t\t\t<\/div>\n\t\t\t\t\t\t<\/div>\n\t\t\t\t\t\t<\/div>\n\t\t\t\t<\/div>\n\t\t\t\t<\/div>\n\t\t\t\t<\/div>\n\t\t\t\t<\/div>","protected":false},"excerpt":{"rendered":"<p>ACERCA DE Nuestro enfoque se centra en conectar a personas y empresas de todo el mundo para impulsar el crecimiento y el \u00e9xito empresarial. A trav\u00e9s de nuestra experiencia en la apertura de unidades comerciales, la construcci\u00f3n de equipos s\u00f3lidos y la expansi\u00f3n de horizontes de negocio, creamos sinergias que transforman empresas y vidas. INDUSTRIAS [&hellip;]<\/p>","protected":false},"author":2,"featured_media":0,"parent":0,"menu_order":0,"comment_status":"closed","ping_status":"closed","template":"","meta":{"footnotes":""},"class_list":["post-78","page","type-page","status-publish","hentry"],"_links":{"self":[{"href":"https:\/\/www.conncrea.com\/en\/wp-json\/wp\/v2\/pages\/78","targetHints":{"allow":["GET"]}}],"collection":[{"href":"https:\/\/www.conncrea.com\/en\/wp-json\/wp\/v2\/pages"}],"about":[{"href":"https:\/\/www.conncrea.com\/en\/wp-json\/wp\/v2\/types\/page"}],"author":[{"embeddable":true,"href":"https:\/\/www.conncrea.com\/en\/wp-json\/wp\/v2\/users\/2"}],"replies":[{"embeddable":true,"href":"https:\/\/www.conncrea.com\/en\/wp-json\/wp\/v2\/comments?post=78"}],"version-history":[{"count":0,"href":"https:\/\/www.conncrea.com\/en\/wp-json\/wp\/v2\/pages\/78\/revisions"}],"wp:attachment":[{"href":"https:\/\/www.conncrea.com\/en\/wp-json\/wp\/v2\/media?parent=78"}],"curies":[{"name":"wp","href":"https:\/\/api.w.org\/{rel}","templated":true}]}}